{"id":7,"date":"2017-04-05T14:01:14","date_gmt":"2017-04-05T12:01:14","guid":{"rendered":"http:\/\/maitrerecchia-avocat.fr\/?page_id=7"},"modified":"2024-02-05T12:53:39","modified_gmt":"2024-02-05T11:53:39","slug":"avocat-droit-du-travail-paris","status":"publish","type":"page","link":"https:\/\/maitrerecchia-avocat.fr\/","title":{"rendered":"Avocat Droit du Travail Paris"},"content":{"rendered":"\n<div class=\"wp-block-cover alignfull has-parallax\" style=\"min-height:496px;background-image:url(https:\/\/maitrerecchia-avocat.fr\/wp-content\/uploads\/2017\/04\/cropped-IMG_8373_nono.jpg);\"><span aria-hidden=\"true\" class=\"wp-block-cover__background has-background-dim-0 has-background-dim\"><\/span><div class=\"wp-block-cover__inner-container is-layout-constrained wp-block-cover-is-layout-constrained\">\n<p class=\"has-text-align-left has-nv-c-1-color has-text-color has-link-color has-small-font-size wp-elements-e522a9379dca5eac4eb8df76ba921175\"><em>Avocat Droit du Travail Paris<\/em><\/p>\n\n\n\n<div style=\"height:100px\" aria-hidden=\"true\" class=\"wp-block-spacer\"><\/div>\n\n\n\n<div class=\"wp-block-columns alignwide is-layout-flex wp-container-core-columns-layout-1 wp-block-columns-is-layout-flex\">\n<div class=\"wp-block-column is-layout-flow wp-block-column-is-layout-flow\">\n<p class=\"has-text-align-center has-nv-text-dark-bg-color has-text-color has-link-color wp-elements-5bac18195f73ad6f9ec114d3b84673d7\" style=\"padding-top:0;padding-right:var(--wp--preset--spacing--40);padding-bottom:0;padding-left:var(--wp--preset--spacing--40);font-size:33px\">AVOCATE<br>Droit du travail<br>Droit p\u00e9nal du Travail<br>Droit de la s\u00e9curit\u00e9 sociale<\/p>\n<\/div>\n\n\n\n<div class=\"wp-block-column is-layout-flow wp-block-column-is-layout-flow\"><\/div>\n<\/div>\n<\/div><\/div>\n\n\n\n<div class=\"wp-block-columns is-layout-flex wp-container-core-columns-layout-2 wp-block-columns-is-layout-flex\">\n<div class=\"wp-block-column is-layout-flow wp-block-column-is-layout-flow\" style=\"flex-basis:25%\"><\/div>\n\n\n\n<div class=\"wp-block-column is-layout-flow wp-block-column-is-layout-flow\" style=\"flex-basis:50%\"><\/div>\n\n\n\n<div class=\"wp-block-column is-layout-flow wp-block-column-is-layout-flow\" style=\"flex-basis:25%\"><\/div>\n<\/div>\n\n\n\n<p style=\"padding-right:0;padding-left:0\">Avocat Droit du Travail Paris Forte d&rsquo;une exp\u00e9rience riche et multiple dans des cabinets de renom,\u00a0Alexandra RECCHIA saura vous accompagner tant juridiquement qu&rsquo;humainement. Alexandra RECCHIA est titulaire d&rsquo;un Master 2 de Droit et Pratique des Relations du Travail (Universit\u00e9 Paris XI, facult\u00e9 de Sceaux). Elle intervient sur tous les aspects du droit social, tant en conseil qu&rsquo;en contentieux. Elle vous accueille au sein du cabinet <strong><a href=\"https:\/\/www.factorhy.com\/\">FACTORHY Avocats<\/a><\/strong> situ\u00e9 au 61 rue de Bercy \u00e0 Paris 12.<\/p>\n\n\n\n<div style=\"height:58px\" aria-hidden=\"true\" class=\"wp-block-spacer\"><\/div>\n\n\n\n<div class=\"wp-block-columns is-layout-flex wp-container-core-columns-layout-3 wp-block-columns-is-layout-flex\">\n<div class=\"wp-block-column is-layout-flow wp-block-column-is-layout-flow\" style=\"flex-basis:25%\"><\/div>\n\n\n\n<div class=\"wp-block-column is-layout-flow wp-block-column-is-layout-flow\" style=\"flex-basis:50%\">\n<p class=\"has-text-align-center\"><strong>Prenons contact<\/strong><\/p>\n\n\n\n<div class=\"wpcf7 no-js\" id=\"wpcf7-f43-o1\" lang=\"en-US\" dir=\"ltr\">\n<div class=\"screen-reader-response\"><p role=\"status\" aria-live=\"polite\" aria-atomic=\"true\"><\/p> <ul><\/ul><\/div>\n<form action=\"\/index.php\/wp-json\/wp\/v2\/pages\/7#wpcf7-f43-o1\" method=\"post\" class=\"wpcf7-form init\" aria-label=\"Contact form\" novalidate=\"novalidate\" data-status=\"init\">\n<div style=\"display: none;\">\n<input type=\"hidden\" name=\"_wpcf7\" value=\"43\" \/>\n<input type=\"hidden\" name=\"_wpcf7_version\" value=\"5.8.7\" \/>\n<input type=\"hidden\" name=\"_wpcf7_locale\" value=\"en_US\" \/>\n<input type=\"hidden\" name=\"_wpcf7_unit_tag\" value=\"wpcf7-f43-o1\" \/>\n<input type=\"hidden\" name=\"_wpcf7_container_post\" value=\"0\" \/>\n<input type=\"hidden\" name=\"_wpcf7_posted_data_hash\" value=\"\" \/>\n<\/div>\n<p><label> Votre Nom (obligatoire)<br \/>\n<span class=\"wpcf7-form-control-wrap\" data-name=\"your-name\"><input size=\"40\" class=\"wpcf7-form-control wpcf7-text wpcf7-validates-as-required\" aria-required=\"true\" aria-invalid=\"false\" value=\"\" type=\"text\" name=\"your-name\" \/><\/span> <\/label>\n<\/p>\n<p><label> Votre email (obligatoire)<br \/>\n<span class=\"wpcf7-form-control-wrap\" data-name=\"your-email\"><input size=\"40\" class=\"wpcf7-form-control wpcf7-email wpcf7-validates-as-required wpcf7-text wpcf7-validates-as-email\" aria-required=\"true\" aria-invalid=\"false\" value=\"\" type=\"email\" name=\"your-email\" \/><\/span> <\/label>\n<\/p>\n<p><label> Sujet<br \/>\n<span class=\"wpcf7-form-control-wrap\" data-name=\"your-subject\"><input size=\"40\" class=\"wpcf7-form-control wpcf7-text\" aria-invalid=\"false\" value=\"\" type=\"text\" name=\"your-subject\" \/><\/span> <\/label>\n<\/p>\n<p><label> Votre Message<br \/>\n<span class=\"wpcf7-form-control-wrap\" data-name=\"your-message\"><textarea cols=\"40\" rows=\"10\" class=\"wpcf7-form-control wpcf7-textarea\" aria-invalid=\"false\" name=\"your-message\"><\/textarea><\/span> <\/label>\n<\/p>\n<p><input class=\"wpcf7-form-control wpcf7-submit has-spinner\" type=\"submit\" value=\"Envoyer\" \/>\n<\/p><div class=\"wpcf7-response-output\" aria-hidden=\"true\"><\/div>\n<\/form>\n<\/div>\n\n<\/div>\n\n\n\n<div class=\"wp-block-column is-layout-flow wp-block-column-is-layout-flow\" style=\"flex-basis:25%\"><\/div>\n<\/div>\n","protected":false},"excerpt":{"rendered":"<p>Avocat Droit du Travail Paris Forte d&rsquo;une exp\u00e9rience riche et multiple dans des cabinets de renom,\u00a0Alexandra RECCHIA saura vous accompagner tant juridiquement qu&rsquo;humainement. Alexandra RECCHIA est titulaire d&rsquo;un Master 2 de Droit et Pratique des Relations du Travail (Universit\u00e9 Paris XI, facult\u00e9 de Sceaux). Elle intervient sur tous les aspects du droit social, tant en&hellip;&nbsp;<a href=\"https:\/\/maitrerecchia-avocat.fr\/\" class=\"\" rel=\"bookmark\">Lire la suite &raquo;<span class=\"screen-reader-text\">Avocat Droit du Travail Paris<\/span><\/a><\/p>\n","protected":false},"author":1,"featured_media":41,"parent":0,"menu_order":0,"comment_status":"closed","ping_status":"closed","template":"","meta":{"neve_meta_sidebar":"","neve_meta_container":"contained","neve_meta_enable_content_width":"on","neve_meta_content_width":70,"neve_meta_title_alignment":"","neve_meta_author_avatar":"","neve_post_elements_order":"","neve_meta_disable_header":"","neve_meta_disable_footer":"","neve_meta_disable_title":"on","neve_meta_reading_time":"","footnotes":""},"yoast_head":"<!-- This site is optimized with the Yoast SEO plugin v21.9.1 - https:\/\/yoast.com\/wordpress\/plugins\/seo\/ -->\n<title>Avocat Droit du Travail Paris - Alexandra Recchia<\/title>\n<meta name=\"description\" content=\"Avocat en droit du travail \u00e0 Paris, Alexandra intervient sur tous les aspects du droit social, tant en conseil qu&#039;en contentieux\" \/>\n<meta name=\"robots\" content=\"index, follow, max-snippet:-1, max-image-preview:large, max-video-preview:-1\" \/>\n<link rel=\"canonical\" href=\"https:\/\/maitrerecchia-avocat.fr\/\" \/>\n<meta property=\"og:locale\" content=\"fr_FR\" \/>\n<meta property=\"og:type\" content=\"article\" \/>\n<meta property=\"og:title\" content=\"Avocat Droit du Travail Paris - Alexandra Recchia\" \/>\n<meta property=\"og:description\" content=\"Avocat en droit du travail \u00e0 Paris, Alexandra intervient sur tous les aspects du droit social, tant en conseil qu&#039;en contentieux\" \/>\n<meta property=\"og:url\" content=\"https:\/\/maitrerecchia-avocat.fr\/\" \/>\n<meta property=\"og:site_name\" content=\"Alexandra Recchia\" \/>\n<meta property=\"article:modified_time\" content=\"2024-02-05T11:53:39+00:00\" \/>\n<meta property=\"og:image\" content=\"https:\/\/maitrerecchia-avocat.fr\/wp-content\/uploads\/2017\/04\/cropped-IMG_8373_nono.jpg\" \/>\n\t<meta property=\"og:image:width\" content=\"2000\" \/>\n\t<meta property=\"og:image:height\" content=\"1200\" \/>\n\t<meta property=\"og:image:type\" content=\"image\/jpeg\" \/>\n<meta name=\"twitter:card\" content=\"summary_large_image\" \/>\n<meta name=\"twitter:label1\" content=\"Dur\u00e9e de lecture estim\u00e9e\" \/>\n\t<meta name=\"twitter:data1\" content=\"1 minute\" \/>\n<script type=\"application\/ld+json\" class=\"yoast-schema-graph\">{\"@context\":\"https:\/\/schema.org\",\"@graph\":[{\"@type\":\"WebPage\",\"@id\":\"https:\/\/maitrerecchia-avocat.fr\/\",\"url\":\"https:\/\/maitrerecchia-avocat.fr\/\",\"name\":\"Avocat Droit du Travail Paris - Alexandra Recchia\",\"isPartOf\":{\"@id\":\"https:\/\/maitrerecchia-avocat.fr\/#website\"},\"datePublished\":\"2017-04-05T12:01:14+00:00\",\"dateModified\":\"2024-02-05T11:53:39+00:00\",\"description\":\"Avocat en droit du travail \u00e0 Paris, Alexandra intervient sur tous les aspects du droit social, tant en conseil qu'en contentieux\",\"breadcrumb\":{\"@id\":\"https:\/\/maitrerecchia-avocat.fr\/#breadcrumb\"},\"inLanguage\":\"fr-FR\",\"potentialAction\":[{\"@type\":\"ReadAction\",\"target\":[\"https:\/\/maitrerecchia-avocat.fr\/\"]}]},{\"@type\":\"BreadcrumbList\",\"@id\":\"https:\/\/maitrerecchia-avocat.fr\/#breadcrumb\",\"itemListElement\":[{\"@type\":\"ListItem\",\"position\":1,\"name\":\"Accueil\",\"item\":\"https:\/\/maitrerecchia-avocat.fr\/\"},{\"@type\":\"ListItem\",\"position\":2,\"name\":\"Avocat Droit du Travail Paris\"}]},{\"@type\":\"WebSite\",\"@id\":\"https:\/\/maitrerecchia-avocat.fr\/#website\",\"url\":\"https:\/\/maitrerecchia-avocat.fr\/\",\"name\":\"Alexandra Recchia Avocat\",\"description\":\"Avocate au Barreau de Paris\",\"publisher\":{\"@id\":\"https:\/\/maitrerecchia-avocat.fr\/#\/schema\/person\/867d9935368efbc038453ff47cfd7556\"},\"potentialAction\":[{\"@type\":\"SearchAction\",\"target\":{\"@type\":\"EntryPoint\",\"urlTemplate\":\"https:\/\/maitrerecchia-avocat.fr\/?s={search_term_string}\"},\"query-input\":\"required name=search_term_string\"}],\"inLanguage\":\"fr-FR\"},{\"@type\":[\"Person\",\"Organization\"],\"@id\":\"https:\/\/maitrerecchia-avocat.fr\/#\/schema\/person\/867d9935368efbc038453ff47cfd7556\",\"name\":\"Alexandra Recchia\",\"image\":{\"@type\":\"ImageObject\",\"inLanguage\":\"fr-FR\",\"@id\":\"https:\/\/maitrerecchia-avocat.fr\/#\/schema\/person\/image\/\",\"url\":\"https:\/\/secure.gravatar.com\/avatar\/7360f24ce5a2dc8eb868fbc3e4b78ff2?s=96&d=mm&r=g\",\"contentUrl\":\"https:\/\/secure.gravatar.com\/avatar\/7360f24ce5a2dc8eb868fbc3e4b78ff2?s=96&d=mm&r=g\",\"caption\":\"Alexandra Recchia\"},\"logo\":{\"@id\":\"https:\/\/maitrerecchia-avocat.fr\/#\/schema\/person\/image\/\"}}]}<\/script>\n<!-- \/ Yoast SEO plugin. -->","yoast_head_json":{"title":"Avocat Droit du Travail Paris - Alexandra Recchia","description":"Avocat en droit du travail \u00e0 Paris, Alexandra intervient sur tous les aspects du droit social, tant en conseil qu'en contentieux","robots":{"index":"index","follow":"follow","max-snippet":"max-snippet:-1","max-image-preview":"max-image-preview:large","max-video-preview":"max-video-preview:-1"},"canonical":"https:\/\/maitrerecchia-avocat.fr\/","og_locale":"fr_FR","og_type":"article","og_title":"Avocat Droit du Travail Paris - Alexandra Recchia","og_description":"Avocat en droit du travail \u00e0 Paris, Alexandra intervient sur tous les aspects du droit social, tant en conseil qu'en contentieux","og_url":"https:\/\/maitrerecchia-avocat.fr\/","og_site_name":"Alexandra Recchia","article_modified_time":"2024-02-05T11:53:39+00:00","og_image":[{"width":2000,"height":1200,"url":"https:\/\/maitrerecchia-avocat.fr\/wp-content\/uploads\/2017\/04\/cropped-IMG_8373_nono.jpg","type":"image\/jpeg"}],"twitter_card":"summary_large_image","twitter_misc":{"Dur\u00e9e de lecture estim\u00e9e":"1 minute"},"schema":{"@context":"https:\/\/schema.org","@graph":[{"@type":"WebPage","@id":"https:\/\/maitrerecchia-avocat.fr\/","url":"https:\/\/maitrerecchia-avocat.fr\/","name":"Avocat Droit du Travail Paris - Alexandra Recchia","isPartOf":{"@id":"https:\/\/maitrerecchia-avocat.fr\/#website"},"datePublished":"2017-04-05T12:01:14+00:00","dateModified":"2024-02-05T11:53:39+00:00","description":"Avocat en droit du travail \u00e0 Paris, Alexandra intervient sur tous les aspects du droit social, tant en conseil qu'en contentieux","breadcrumb":{"@id":"https:\/\/maitrerecchia-avocat.fr\/#breadcrumb"},"inLanguage":"fr-FR","potentialAction":[{"@type":"ReadAction","target":["https:\/\/maitrerecchia-avocat.fr\/"]}]},{"@type":"BreadcrumbList","@id":"https:\/\/maitrerecchia-avocat.fr\/#breadcrumb","itemListElement":[{"@type":"ListItem","position":1,"name":"Accueil","item":"https:\/\/maitrerecchia-avocat.fr\/"},{"@type":"ListItem","position":2,"name":"Avocat Droit du Travail Paris"}]},{"@type":"WebSite","@id":"https:\/\/maitrerecchia-avocat.fr\/#website","url":"https:\/\/maitrerecchia-avocat.fr\/","name":"Alexandra Recchia Avocat","description":"Avocate au Barreau de Paris","publisher":{"@id":"https:\/\/maitrerecchia-avocat.fr\/#\/schema\/person\/867d9935368efbc038453ff47cfd7556"},"potentialAction":[{"@type":"SearchAction","target":{"@type":"EntryPoint","urlTemplate":"https:\/\/maitrerecchia-avocat.fr\/?s={search_term_string}"},"query-input":"required name=search_term_string"}],"inLanguage":"fr-FR"},{"@type":["Person","Organization"],"@id":"https:\/\/maitrerecchia-avocat.fr\/#\/schema\/person\/867d9935368efbc038453ff47cfd7556","name":"Alexandra Recchia","image":{"@type":"ImageObject","inLanguage":"fr-FR","@id":"https:\/\/maitrerecchia-avocat.fr\/#\/schema\/person\/image\/","url":"https:\/\/secure.gravatar.com\/avatar\/7360f24ce5a2dc8eb868fbc3e4b78ff2?s=96&d=mm&r=g","contentUrl":"https:\/\/secure.gravatar.com\/avatar\/7360f24ce5a2dc8eb868fbc3e4b78ff2?s=96&d=mm&r=g","caption":"Alexandra Recchia"},"logo":{"@id":"https:\/\/maitrerecchia-avocat.fr\/#\/schema\/person\/image\/"}}]}},"_links":{"self":[{"href":"https:\/\/maitrerecchia-avocat.fr\/index.php\/wp-json\/wp\/v2\/pages\/7"}],"collection":[{"href":"https:\/\/maitrerecchia-avocat.fr\/index.php\/wp-json\/wp\/v2\/pages"}],"about":[{"href":"https:\/\/maitrerecchia-avocat.fr\/index.php\/wp-json\/wp\/v2\/types\/page"}],"author":[{"embeddable":true,"href":"https:\/\/maitrerecchia-avocat.fr\/index.php\/wp-json\/wp\/v2\/users\/1"}],"replies":[{"embeddable":true,"href":"https:\/\/maitrerecchia-avocat.fr\/index.php\/wp-json\/wp\/v2\/comments?post=7"}],"version-history":[{"count":30,"href":"https:\/\/maitrerecchia-avocat.fr\/index.php\/wp-json\/wp\/v2\/pages\/7\/revisions"}],"predecessor-version":[{"id":131,"href":"https:\/\/maitrerecchia-avocat.fr\/index.php\/wp-json\/wp\/v2\/pages\/7\/revisions\/131"}],"wp:featuredmedia":[{"embeddable":true,"href":"https:\/\/maitrerecchia-avocat.fr\/index.php\/wp-json\/wp\/v2\/media\/41"}],"wp:attachment":[{"href":"https:\/\/maitrerecchia-avocat.fr\/index.php\/wp-json\/wp\/v2\/media?parent=7"}],"curies":[{"name":"wp","href":"https:\/\/api.w.org\/{rel}","templated":true}]}}