{"id":56,"date":"2017-05-16T12:20:38","date_gmt":"2017-05-16T10:20:38","guid":{"rendered":"http:\/\/maitrerecchia-avocat.fr\/?page_id=56"},"modified":"2017-05-16T12:20:38","modified_gmt":"2017-05-16T10:20:38","slug":"mentions-legales","status":"publish","type":"page","link":"https:\/\/maitrerecchia-avocat.fr\/index.php\/mentions-legales\/","title":{"rendered":"Mentions l\u00e9gales"},"content":{"rendered":"<p>RECCHIA Alexandra<\/p>\n<p>Si\u00e8ge : 1 mail des coquelicots &#8211; 94240 L&rsquo;Hay les Roses<\/p>\n<p>T\u00e9l\u00e9phone : 06.61.36.83.36<\/p>\n<p>SIRET : 825 390 271 00013<\/p>\n<p>Site h\u00e9berg\u00e9 par OVH SAS, 2 rue Kellermann\u2013 59100 Roubaix \u2013 France<\/p>\n","protected":false},"excerpt":{"rendered":"<p>RECCHIA Alexandra Si\u00e8ge : 1 mail des coquelicots &#8211; 94240 L&rsquo;Hay les Roses T\u00e9l\u00e9phone : 06.61.36.83.36 SIRET : 825 390 271 00013 Site h\u00e9berg\u00e9 par OVH SAS, 2 rue Kellermann\u2013 59100 Roubaix \u2013 France<\/p>\n","protected":false},"author":1,"featured_media":0,"parent":0,"menu_order":0,"comment_status":"closed","ping_status":"closed","template":"","meta":{"neve_meta_sidebar":"","neve_meta_container":"","neve_meta_enable_content_width":"","neve_meta_content_width":0,"neve_meta_title_alignment":"","neve_meta_author_avatar":"","neve_post_elements_order":"","neve_meta_disable_header":"","neve_meta_disable_footer":"","neve_meta_disable_title":"","neve_meta_reading_time":"","footnotes":""},"yoast_head":"<!-- This site is optimized with the Yoast SEO plugin v21.9.1 - https:\/\/yoast.com\/wordpress\/plugins\/seo\/ -->\n<title>Mentions l\u00e9gales - Alexandra Recchia<\/title>\n<meta name=\"robots\" content=\"index, follow, max-snippet:-1, max-image-preview:large, max-video-preview:-1\" \/>\n<link rel=\"canonical\" href=\"https:\/\/maitrerecchia-avocat.fr\/index.php\/mentions-legales\/\" \/>\n<meta property=\"og:locale\" content=\"fr_FR\" \/>\n<meta property=\"og:type\" content=\"article\" \/>\n<meta property=\"og:title\" content=\"Mentions l\u00e9gales - Alexandra Recchia\" \/>\n<meta property=\"og:description\" content=\"RECCHIA Alexandra Si\u00e8ge : 1 mail des coquelicots &#8211; 94240 L&rsquo;Hay les Roses T\u00e9l\u00e9phone : 06.61.36.83.36 SIRET : 825 390 271 00013 Site h\u00e9berg\u00e9 par OVH SAS, 2 rue Kellermann\u2013 59100 Roubaix \u2013 France\" \/>\n<meta property=\"og:url\" content=\"https:\/\/maitrerecchia-avocat.fr\/index.php\/mentions-legales\/\" \/>\n<meta property=\"og:site_name\" content=\"Alexandra Recchia\" \/>\n<meta name=\"twitter:card\" content=\"summary_large_image\" \/>\n<script type=\"application\/ld+json\" class=\"yoast-schema-graph\">{\"@context\":\"https:\/\/schema.org\",\"@graph\":[{\"@type\":\"WebPage\",\"@id\":\"https:\/\/maitrerecchia-avocat.fr\/index.php\/mentions-legales\/\",\"url\":\"https:\/\/maitrerecchia-avocat.fr\/index.php\/mentions-legales\/\",\"name\":\"Mentions l\u00e9gales - Alexandra Recchia\",\"isPartOf\":{\"@id\":\"https:\/\/maitrerecchia-avocat.fr\/#website\"},\"datePublished\":\"2017-05-16T10:20:38+00:00\",\"dateModified\":\"2017-05-16T10:20:38+00:00\",\"breadcrumb\":{\"@id\":\"https:\/\/maitrerecchia-avocat.fr\/index.php\/mentions-legales\/#breadcrumb\"},\"inLanguage\":\"fr-FR\",\"potentialAction\":[{\"@type\":\"ReadAction\",\"target\":[\"https:\/\/maitrerecchia-avocat.fr\/index.php\/mentions-legales\/\"]}]},{\"@type\":\"BreadcrumbList\",\"@id\":\"https:\/\/maitrerecchia-avocat.fr\/index.php\/mentions-legales\/#breadcrumb\",\"itemListElement\":[{\"@type\":\"ListItem\",\"position\":1,\"name\":\"Accueil\",\"item\":\"https:\/\/maitrerecchia-avocat.fr\/\"},{\"@type\":\"ListItem\",\"position\":2,\"name\":\"Mentions l\u00e9gales\"}]},{\"@type\":\"WebSite\",\"@id\":\"https:\/\/maitrerecchia-avocat.fr\/#website\",\"url\":\"https:\/\/maitrerecchia-avocat.fr\/\",\"name\":\"Alexandra Recchia Avocat\",\"description\":\"Avocate au Barreau de Paris\",\"publisher\":{\"@id\":\"https:\/\/maitrerecchia-avocat.fr\/#\/schema\/person\/867d9935368efbc038453ff47cfd7556\"},\"potentialAction\":[{\"@type\":\"SearchAction\",\"target\":{\"@type\":\"EntryPoint\",\"urlTemplate\":\"https:\/\/maitrerecchia-avocat.fr\/?s={search_term_string}\"},\"query-input\":\"required name=search_term_string\"}],\"inLanguage\":\"fr-FR\"},{\"@type\":[\"Person\",\"Organization\"],\"@id\":\"https:\/\/maitrerecchia-avocat.fr\/#\/schema\/person\/867d9935368efbc038453ff47cfd7556\",\"name\":\"Alexandra Recchia\",\"image\":{\"@type\":\"ImageObject\",\"inLanguage\":\"fr-FR\",\"@id\":\"https:\/\/maitrerecchia-avocat.fr\/#\/schema\/person\/image\/\",\"url\":\"https:\/\/secure.gravatar.com\/avatar\/7360f24ce5a2dc8eb868fbc3e4b78ff2?s=96&d=mm&r=g\",\"contentUrl\":\"https:\/\/secure.gravatar.com\/avatar\/7360f24ce5a2dc8eb868fbc3e4b78ff2?s=96&d=mm&r=g\",\"caption\":\"Alexandra Recchia\"},\"logo\":{\"@id\":\"https:\/\/maitrerecchia-avocat.fr\/#\/schema\/person\/image\/\"}}]}<\/script>\n<!-- \/ Yoast SEO plugin. -->","yoast_head_json":{"title":"Mentions l\u00e9gales - Alexandra Recchia","robots":{"index":"index","follow":"follow","max-snippet":"max-snippet:-1","max-image-preview":"max-image-preview:large","max-video-preview":"max-video-preview:-1"},"canonical":"https:\/\/maitrerecchia-avocat.fr\/index.php\/mentions-legales\/","og_locale":"fr_FR","og_type":"article","og_title":"Mentions l\u00e9gales - Alexandra Recchia","og_description":"RECCHIA Alexandra Si\u00e8ge : 1 mail des coquelicots &#8211; 94240 L&rsquo;Hay les Roses T\u00e9l\u00e9phone : 06.61.36.83.36 SIRET : 825 390 271 00013 Site h\u00e9berg\u00e9 par OVH SAS, 2 rue Kellermann\u2013 59100 Roubaix \u2013 France","og_url":"https:\/\/maitrerecchia-avocat.fr\/index.php\/mentions-legales\/","og_site_name":"Alexandra Recchia","twitter_card":"summary_large_image","schema":{"@context":"https:\/\/schema.org","@graph":[{"@type":"WebPage","@id":"https:\/\/maitrerecchia-avocat.fr\/index.php\/mentions-legales\/","url":"https:\/\/maitrerecchia-avocat.fr\/index.php\/mentions-legales\/","name":"Mentions l\u00e9gales - Alexandra Recchia","isPartOf":{"@id":"https:\/\/maitrerecchia-avocat.fr\/#website"},"datePublished":"2017-05-16T10:20:38+00:00","dateModified":"2017-05-16T10:20:38+00:00","breadcrumb":{"@id":"https:\/\/maitrerecchia-avocat.fr\/index.php\/mentions-legales\/#breadcrumb"},"inLanguage":"fr-FR","potentialAction":[{"@type":"ReadAction","target":["https:\/\/maitrerecchia-avocat.fr\/index.php\/mentions-legales\/"]}]},{"@type":"BreadcrumbList","@id":"https:\/\/maitrerecchia-avocat.fr\/index.php\/mentions-legales\/#breadcrumb","itemListElement":[{"@type":"ListItem","position":1,"name":"Accueil","item":"https:\/\/maitrerecchia-avocat.fr\/"},{"@type":"ListItem","position":2,"name":"Mentions l\u00e9gales"}]},{"@type":"WebSite","@id":"https:\/\/maitrerecchia-avocat.fr\/#website","url":"https:\/\/maitrerecchia-avocat.fr\/","name":"Alexandra Recchia Avocat","description":"Avocate au Barreau de Paris","publisher":{"@id":"https:\/\/maitrerecchia-avocat.fr\/#\/schema\/person\/867d9935368efbc038453ff47cfd7556"},"potentialAction":[{"@type":"SearchAction","target":{"@type":"EntryPoint","urlTemplate":"https:\/\/maitrerecchia-avocat.fr\/?s={search_term_string}"},"query-input":"required name=search_term_string"}],"inLanguage":"fr-FR"},{"@type":["Person","Organization"],"@id":"https:\/\/maitrerecchia-avocat.fr\/#\/schema\/person\/867d9935368efbc038453ff47cfd7556","name":"Alexandra Recchia","image":{"@type":"ImageObject","inLanguage":"fr-FR","@id":"https:\/\/maitrerecchia-avocat.fr\/#\/schema\/person\/image\/","url":"https:\/\/secure.gravatar.com\/avatar\/7360f24ce5a2dc8eb868fbc3e4b78ff2?s=96&d=mm&r=g","contentUrl":"https:\/\/secure.gravatar.com\/avatar\/7360f24ce5a2dc8eb868fbc3e4b78ff2?s=96&d=mm&r=g","caption":"Alexandra Recchia"},"logo":{"@id":"https:\/\/maitrerecchia-avocat.fr\/#\/schema\/person\/image\/"}}]}},"_links":{"self":[{"href":"https:\/\/maitrerecchia-avocat.fr\/index.php\/wp-json\/wp\/v2\/pages\/56"}],"collection":[{"href":"https:\/\/maitrerecchia-avocat.fr\/index.php\/wp-json\/wp\/v2\/pages"}],"about":[{"href":"https:\/\/maitrerecchia-avocat.fr\/index.php\/wp-json\/wp\/v2\/types\/page"}],"author":[{"embeddable":true,"href":"https:\/\/maitrerecchia-avocat.fr\/index.php\/wp-json\/wp\/v2\/users\/1"}],"replies":[{"embeddable":true,"href":"https:\/\/maitrerecchia-avocat.fr\/index.php\/wp-json\/wp\/v2\/comments?post=56"}],"version-history":[{"count":1,"href":"https:\/\/maitrerecchia-avocat.fr\/index.php\/wp-json\/wp\/v2\/pages\/56\/revisions"}],"predecessor-version":[{"id":57,"href":"https:\/\/maitrerecchia-avocat.fr\/index.php\/wp-json\/wp\/v2\/pages\/56\/revisions\/57"}],"wp:attachment":[{"href":"https:\/\/maitrerecchia-avocat.fr\/index.php\/wp-json\/wp\/v2\/media?parent=56"}],"curies":[{"name":"wp","href":"https:\/\/api.w.org\/{rel}","templated":true}]}}